{"id":1288,"date":"2024-09-03T05:24:28","date_gmt":"2024-09-03T05:24:28","guid":{"rendered":"https:\/\/dft.vn\/?page_id=1288"},"modified":"2024-09-03T05:24:54","modified_gmt":"2024-09-03T05:24:54","slug":"test","status":"publish","type":"page","link":"https:\/\/dft.vn\/en\/test\/","title":{"rendered":"test"},"content":{"rendered":"<div class=\"row large-columns-3 medium-columns-1 small-columns-1\" >\n  <div class=\"col post-item\" >\n\t\t\t<div class=\"col-inner\">\n\t\t\t\t<div class=\"box box-default box-text-bottom box-blog-post has-hover\">\n            \t\t\t\t\t<div class=\"box-image\" >\n  \t\t\t\t\t\t<div class=\"image-cover\" style=\"padding-top:56.25%;\">\n\t\t\t\t\t\t\t<a href=\"https:\/\/dft.vn\/en\/hello-world-4\/\" class=\"plain\" aria-label=\"How Llama Helped CodeGPT Become a Top AI-Powered Coding Assistant\">\n\t\t\t\t\t\t\t\t<img loading=\"lazy\" decoding=\"async\" width=\"300\" height=\"196\" src=\"https:\/\/dft.vn\/wp-content\/uploads\/2024\/09\/LLama-codeGPT-300x196.png\" class=\"attachment-medium size-medium wp-post-image\" alt=\"\" srcset=\"https:\/\/dft.vn\/wp-content\/uploads\/2024\/09\/LLama-codeGPT-300x196.png 300w, https:\/\/dft.vn\/wp-content\/uploads\/2024\/09\/LLama-codeGPT-1024x669.png 1024w, https:\/\/dft.vn\/wp-content\/uploads\/2024\/09\/LLama-codeGPT-150x98.png 150w, https:\/\/dft.vn\/wp-content\/uploads\/2024\/09\/LLama-codeGPT-768x502.png 768w, https:\/\/dft.vn\/wp-content\/uploads\/2024\/09\/LLama-codeGPT-1536x1004.png 1536w, https:\/\/dft.vn\/wp-content\/uploads\/2024\/09\/LLama-codeGPT-18x12.png 18w, https:\/\/dft.vn\/wp-content\/uploads\/2024\/09\/LLama-codeGPT.png 1649w\" sizes=\"auto, (max-width: 300px) 100vw, 300px\" \/>\t\t\t\t\t\t\t<\/a>\n  \t\t\t\t\t\t\t  \t\t\t\t\t\t\t  \t\t\t\t\t\t<\/div>\n  \t\t\t\t\t\t  \t\t\t\t\t<\/div>\n          \t\t\t\t\t<div class=\"box-text text-center\" >\n\t\t\t\t\t<div class=\"box-text-inner blog-post-inner\">\n\n\t\t\t\t\t\n\t\t\t\t\t\t\t\t\t\t<h5 class=\"post-title is-large\">\n\t\t\t\t\t\t<a href=\"https:\/\/dft.vn\/en\/hello-world-4\/\" class=\"plain\">How Llama Helped CodeGPT Become a Top AI-Powered Coding Assistant<\/a>\n\t\t\t\t\t<\/h5>\n\t\t\t\t\t\t\t\t\t\t<div class=\"is-divider\"><\/div>\n\t\t\t\t\t\t\t\t\t\t<p class=\"from_the_blog_excerpt\">\n\t\t\t\t\t\tCodeGPT nhanh ch\u00f3ng tr\u1edf th\u00e0nh m\u1ed9t trong nh\u1eefng tr\u1ee3 l\u00fd l\u1eadp tr\u00ecnh ph\u1ed5 bi\u1ebfn nh\u1ea5t, [...]\t\t\t\t\t<\/p>\n\t\t\t\t\t                    \n\t\t\t\t\t\n\t\t\t\t\t\n\t\t\t\t\t<\/div>\n\t\t\t\t\t<\/div>\n\t\t\t\t\t\t\t\t\t\t\t\t\t\t\t\t<div class=\"badge absolute top post-date badge-outline\">\n\t\t\t\t\t\t\t<div class=\"badge-inner\">\n\t\t\t\t\t\t\t\t<span class=\"post-date-day\">04<\/span><br>\n\t\t\t\t\t\t\t\t<span class=\"post-date-month is-xsmall\">Sep<\/span>\n\t\t\t\t\t\t\t<\/div>\n\t\t\t\t\t\t<\/div>\n\t\t\t\t\t\t\t\t\t<\/div>\n\t\t\t<\/div>\n\t\t<\/div><div class=\"col post-item\" >\n\t\t\t<div class=\"col-inner\">\n\t\t\t\t<div class=\"box box-default box-text-bottom box-blog-post has-hover\">\n            \t\t\t\t\t<div class=\"box-image\" >\n  \t\t\t\t\t\t<div class=\"image-cover\" style=\"padding-top:56.25%;\">\n\t\t\t\t\t\t\t<a href=\"https:\/\/dft.vn\/en\/hello-world-3\/\" class=\"plain\" aria-label=\"Google AI Unveils Gemma-APS: A Breakthrough in Text-to-Proposition Segmentation\">\n\t\t\t\t\t\t\t\t<img loading=\"lazy\" decoding=\"async\" width=\"300\" height=\"196\" src=\"https:\/\/dft.vn\/wp-content\/uploads\/2024\/09\/Gemma-APS-300x196.jpg\" class=\"attachment-medium size-medium wp-post-image\" alt=\"\" srcset=\"https:\/\/dft.vn\/wp-content\/uploads\/2024\/09\/Gemma-APS-300x196.jpg 300w, https:\/\/dft.vn\/wp-content\/uploads\/2024\/09\/Gemma-APS-1024x669.jpg 1024w, https:\/\/dft.vn\/wp-content\/uploads\/2024\/09\/Gemma-APS-150x98.jpg 150w, https:\/\/dft.vn\/wp-content\/uploads\/2024\/09\/Gemma-APS-768x502.jpg 768w, https:\/\/dft.vn\/wp-content\/uploads\/2024\/09\/Gemma-APS-18x12.jpg 18w, https:\/\/dft.vn\/wp-content\/uploads\/2024\/09\/Gemma-APS.jpg 1096w\" sizes=\"auto, (max-width: 300px) 100vw, 300px\" \/>\t\t\t\t\t\t\t<\/a>\n  \t\t\t\t\t\t\t  \t\t\t\t\t\t\t  \t\t\t\t\t\t<\/div>\n  \t\t\t\t\t\t  \t\t\t\t\t<\/div>\n          \t\t\t\t\t<div class=\"box-text text-center\" >\n\t\t\t\t\t<div class=\"box-text-inner blog-post-inner\">\n\n\t\t\t\t\t\n\t\t\t\t\t\t\t\t\t\t<h5 class=\"post-title is-large\">\n\t\t\t\t\t\t<a href=\"https:\/\/dft.vn\/en\/hello-world-3\/\" class=\"plain\">Google AI Unveils Gemma-APS: A Breakthrough in Text-to-Proposition Segmentation<\/a>\n\t\t\t\t\t<\/h5>\n\t\t\t\t\t\t\t\t\t\t<div class=\"is-divider\"><\/div>\n\t\t\t\t\t\t\t\t\t\t<p class=\"from_the_blog_excerpt\">\n\t\t\t\t\t\tGoogle AI v\u1eeba gi\u1edbi thi\u1ec7u Gemma-APS, m\u1ed9t b\u1ed9 m\u00f4 h\u00ecnh ti\u00ean ti\u1ebfn \u0111\u01b0\u1ee3c thi\u1ebft k\u1ebf [...]\t\t\t\t\t<\/p>\n\t\t\t\t\t                    \n\t\t\t\t\t\n\t\t\t\t\t\n\t\t\t\t\t<\/div>\n\t\t\t\t\t<\/div>\n\t\t\t\t\t\t\t\t\t\t\t\t\t\t\t\t<div class=\"badge absolute top post-date badge-outline\">\n\t\t\t\t\t\t\t<div class=\"badge-inner\">\n\t\t\t\t\t\t\t\t<span class=\"post-date-day\">04<\/span><br>\n\t\t\t\t\t\t\t\t<span class=\"post-date-month is-xsmall\">Sep<\/span>\n\t\t\t\t\t\t\t<\/div>\n\t\t\t\t\t\t<\/div>\n\t\t\t\t\t\t\t\t\t<\/div>\n\t\t\t<\/div>\n\t\t<\/div><div class=\"col post-item\" >\n\t\t\t<div class=\"col-inner\">\n\t\t\t\t<div class=\"box box-default box-text-bottom box-blog-post has-hover\">\n            \t\t\t\t\t<div class=\"box-image\" >\n  \t\t\t\t\t\t<div class=\"image-cover\" style=\"padding-top:56.25%;\">\n\t\t\t\t\t\t\t<a href=\"https:\/\/dft.vn\/en\/hello-world-2\/\" class=\"plain\" aria-label=\"Cloud Next 2024: Momentum with Generative AI\">\n\t\t\t\t\t\t\t\t<img loading=\"lazy\" decoding=\"async\" width=\"300\" height=\"196\" src=\"https:\/\/dft.vn\/wp-content\/uploads\/2024\/09\/Next_SP_Hero-300x196.jpg\" class=\"attachment-medium size-medium wp-post-image\" alt=\"\" srcset=\"https:\/\/dft.vn\/wp-content\/uploads\/2024\/09\/Next_SP_Hero-300x196.jpg 300w, https:\/\/dft.vn\/wp-content\/uploads\/2024\/09\/Next_SP_Hero-1024x670.jpg 1024w, https:\/\/dft.vn\/wp-content\/uploads\/2024\/09\/Next_SP_Hero-150x98.jpg 150w, https:\/\/dft.vn\/wp-content\/uploads\/2024\/09\/Next_SP_Hero-768x502.jpg 768w, https:\/\/dft.vn\/wp-content\/uploads\/2024\/09\/Next_SP_Hero-18x12.jpg 18w, https:\/\/dft.vn\/wp-content\/uploads\/2024\/09\/Next_SP_Hero.jpg 1196w\" sizes=\"auto, (max-width: 300px) 100vw, 300px\" \/>\t\t\t\t\t\t\t<\/a>\n  \t\t\t\t\t\t\t  \t\t\t\t\t\t\t  \t\t\t\t\t\t<\/div>\n  \t\t\t\t\t\t  \t\t\t\t\t<\/div>\n          \t\t\t\t\t<div class=\"box-text text-center\" >\n\t\t\t\t\t<div class=\"box-text-inner blog-post-inner\">\n\n\t\t\t\t\t\n\t\t\t\t\t\t\t\t\t\t<h5 class=\"post-title is-large\">\n\t\t\t\t\t\t<a href=\"https:\/\/dft.vn\/en\/hello-world-2\/\" class=\"plain\">Cloud Next 2024: Momentum with Generative AI<\/a>\n\t\t\t\t\t<\/h5>\n\t\t\t\t\t\t\t\t\t\t<div class=\"is-divider\"><\/div>\n\t\t\t\t\t\t\t\t\t\t<p class=\"from_the_blog_excerpt\">\n\t\t\t\t\t\tT\u1ea1i s\u1ef1 ki\u1ec7n Cloud Next 2024, Google ti\u1ebfp t\u1ee5c kh\u1eb3ng \u0111\u1ecbnh v\u1ecb th\u1ebf ti\u00ean phong [...]\t\t\t\t\t<\/p>\n\t\t\t\t\t                    \n\t\t\t\t\t\n\t\t\t\t\t\n\t\t\t\t\t<\/div>\n\t\t\t\t\t<\/div>\n\t\t\t\t\t\t\t\t\t\t\t\t\t\t\t\t<div class=\"badge absolute top post-date badge-outline\">\n\t\t\t\t\t\t\t<div class=\"badge-inner\">\n\t\t\t\t\t\t\t\t<span class=\"post-date-day\">04<\/span><br>\n\t\t\t\t\t\t\t\t<span class=\"post-date-month is-xsmall\">Sep<\/span>\n\t\t\t\t\t\t\t<\/div>\n\t\t\t\t\t\t<\/div>\n\t\t\t\t\t\t\t\t\t<\/div>\n\t\t\t<\/div>\n\t\t<\/div><div class=\"col post-item\" >\n\t\t\t<div class=\"col-inner\">\n\t\t\t\t<div class=\"box box-default box-text-bottom box-blog-post has-hover\">\n            \t\t\t\t\t<div class=\"box-image\" >\n  \t\t\t\t\t\t<div class=\"image-cover\" style=\"padding-top:56.25%;\">\n\t\t\t\t\t\t\t<a href=\"https:\/\/dft.vn\/en\/hello-world\/\" class=\"plain\" aria-label=\"The Underground World of AI Crime Exposed\">\n\t\t\t\t\t\t\t\t<img loading=\"lazy\" decoding=\"async\" width=\"300\" height=\"192\" src=\"https:\/\/dft.vn\/wp-content\/uploads\/2024\/08\/Criminal-AI-300x192.jpg\" class=\"attachment-medium size-medium wp-post-image\" alt=\"\" srcset=\"https:\/\/dft.vn\/wp-content\/uploads\/2024\/08\/Criminal-AI-300x192.jpg 300w, https:\/\/dft.vn\/wp-content\/uploads\/2024\/08\/Criminal-AI-1024x657.jpg 1024w, https:\/\/dft.vn\/wp-content\/uploads\/2024\/08\/Criminal-AI-150x96.jpg 150w, https:\/\/dft.vn\/wp-content\/uploads\/2024\/08\/Criminal-AI-768x493.jpg 768w, https:\/\/dft.vn\/wp-content\/uploads\/2024\/08\/Criminal-AI-1536x985.jpg 1536w, https:\/\/dft.vn\/wp-content\/uploads\/2024\/08\/Criminal-AI-18x12.jpg 18w, https:\/\/dft.vn\/wp-content\/uploads\/2024\/08\/Criminal-AI.jpg 1590w\" sizes=\"auto, (max-width: 300px) 100vw, 300px\" \/>\t\t\t\t\t\t\t<\/a>\n  \t\t\t\t\t\t\t  \t\t\t\t\t\t\t  \t\t\t\t\t\t<\/div>\n  \t\t\t\t\t\t  \t\t\t\t\t<\/div>\n          \t\t\t\t\t<div class=\"box-text text-center\" >\n\t\t\t\t\t<div class=\"box-text-inner blog-post-inner\">\n\n\t\t\t\t\t\n\t\t\t\t\t\t\t\t\t\t<h5 class=\"post-title is-large\">\n\t\t\t\t\t\t<a href=\"https:\/\/dft.vn\/en\/hello-world\/\" class=\"plain\">The Underground World of AI Crime Exposed<\/a>\n\t\t\t\t\t<\/h5>\n\t\t\t\t\t\t\t\t\t\t<div class=\"is-divider\"><\/div>\n\t\t\t\t\t\t\t\t\t\t<p class=\"from_the_blog_excerpt\">\n\t\t\t\t\t\tV\u1edbi s\u1ef1 ph\u00e1t tri\u1ec3n nhanh ch\u00f3ng c\u1ee7a tr\u00ed tu\u1ec7 nh\u00e2n t\u1ea1o (AI), m\u1ed9t th\u1ecb tr\u01b0\u1eddng [...]\t\t\t\t\t<\/p>\n\t\t\t\t\t                                            <p class=\"from_the_blog_comments uppercase is-xsmall\">\n                            1 Comments                        <\/p>\n                    \n\t\t\t\t\t\n\t\t\t\t\t\n\t\t\t\t\t<\/div>\n\t\t\t\t\t<\/div>\n\t\t\t\t\t\t\t\t\t\t\t\t\t\t\t\t<div class=\"badge absolute top post-date badge-outline\">\n\t\t\t\t\t\t\t<div class=\"badge-inner\">\n\t\t\t\t\t\t\t\t<span class=\"post-date-day\">28<\/span><br>\n\t\t\t\t\t\t\t\t<span class=\"post-date-month is-xsmall\">Aug<\/span>\n\t\t\t\t\t\t\t<\/div>\n\t\t\t\t\t\t<\/div>\n\t\t\t\t\t\t\t\t\t<\/div>\n\t\t\t<\/div>\n\t\t<\/div><\/div>","protected":false},"excerpt":{"rendered":"","protected":false},"author":1,"featured_media":0,"parent":0,"menu_order":0,"comment_status":"closed","ping_status":"closed","template":"","meta":{"rank_math_lock_modified_date":false,"footnotes":""},"class_list":["post-1288","page","type-page","status-publish","hentry"],"acf":[],"_links":{"self":[{"href":"https:\/\/dft.vn\/en\/wp-json\/wp\/v2\/pages\/1288","targetHints":{"allow":["GET"]}}],"collection":[{"href":"https:\/\/dft.vn\/en\/wp-json\/wp\/v2\/pages"}],"about":[{"href":"https:\/\/dft.vn\/en\/wp-json\/wp\/v2\/types\/page"}],"author":[{"embeddable":true,"href":"https:\/\/dft.vn\/en\/wp-json\/wp\/v2\/users\/1"}],"replies":[{"embeddable":true,"href":"https:\/\/dft.vn\/en\/wp-json\/wp\/v2\/comments?post=1288"}],"version-history":[{"count":2,"href":"https:\/\/dft.vn\/en\/wp-json\/wp\/v2\/pages\/1288\/revisions"}],"predecessor-version":[{"id":1290,"href":"https:\/\/dft.vn\/en\/wp-json\/wp\/v2\/pages\/1288\/revisions\/1290"}],"wp:attachment":[{"href":"https:\/\/dft.vn\/en\/wp-json\/wp\/v2\/media?parent=1288"}],"curies":[{"name":"wp","href":"https:\/\/api.w.org\/{rel}","templated":true}]}}